{"id":1017,"date":"2024-08-19T15:32:48","date_gmt":"2024-08-19T13:32:48","guid":{"rendered":"https:\/\/www.pilakinsky.cz\/cookies\/"},"modified":"2025-10-31T09:13:53","modified_gmt":"2025-10-31T08:13:53","slug":"cookies","status":"publish","type":"page","link":"https:\/\/www.pilakinsky.cz\/pl\/cookies\/","title":{"rendered":"Cookies"},"content":{"rendered":"<p><strong>O\u015bwiadczenie dotycz\u0105ce plik\u00f3w cookie i rezygnacja<\/strong><\/p>\n<p>Je\u015bli chcesz uzyska\u0107 wi\u0119cej informacji o tym, jak przetwarzamy Twoje dane osobowe, zapoznaj si\u0119 z nasz\u0105 <strong><a href=\"https:\/\/www.pilakinsky.cz\/pl\/ochrona-danych-osobowych\/\">Polityk\u0105 prywatno\u015bci<\/a><\/strong>.<\/p>\n<p><strong>Czym s\u0105 pliki cookie?<\/strong><\/p>\n<p>Pliki cookie to ma\u0142e pliki danych, kt\u00f3re umo\u017cliwiaj\u0105 odwiedzanym witrynom internetowym zapami\u0119tywanie Twoich dzia\u0142a\u0144 i ustawie\u0144. Za ka\u017cdym razem, gdy odwiedzasz witryn\u0119, Twoja przegl\u0105darka wysy\u0142a dane zapisane w pliku z powrotem na serwer. Ten ma\u0142y plik nazywa si\u0119 \u201eplikiem cookie\u201d i jest kr\u00f3tkim plikiem tekstowym zawieraj\u0105cym okre\u015blony ci\u0105g znak\u00f3w z unikalnymi informacjami. U\u017cywamy plik\u00f3w cookie, aby zapewni\u0107 jako\u015b\u0107 naszych us\u0142ug i lepiej zrozumie\u0107, w jaki spos\u00f3b ludzie korzystaj\u0105 z naszej witryny. Dlatego przechowujemy preferencje u\u017cytkownik\u00f3w w plikach cookie i wykorzystujemy je do monitorowania trend\u00f3w u\u017cytkownik\u00f3w oraz tego, jak ludzie zachowuj\u0105 si\u0119 na naszej stronie internetowej i jak j\u0105 przegl\u0105daj\u0105. Pliki cookie nie stanowi\u0105 zagro\u017cenia, ale s\u0105 wa\u017cne dla ochrony prywatno\u015bci. Pliki cookie nie mog\u0105 by\u0107 u\u017cywane do identyfikacji u\u017cytkownik\u00f3w witryny ani do niew\u0142a\u015bciwego wykorzystania danych logowania.<\/p>\n<p><strong>Jakich plik\u00f3w cookie u\u017cywamy?<\/strong><\/p>\n<p>Nasza witryna u\u017cywa wy\u0142\u0105cznie plik\u00f3w cookie \u201ew\u0142asnych\u201d, tj. plik\u00f3w cookie u\u017cywanych wy\u0142\u0105cznie przez nasz\u0105 witryn\u0119 (zwanych dalej plikami cookie w\u0142asnymi) oraz plik\u00f3w cookie \u201ezewn\u0119trznych\u201d (tj. plik\u00f3w cookie pochodz\u0105cych z witryn zewn\u0119trznych). U\u017cywamy plik\u00f3w cookie w\u0142asnych do przechowywania preferencji u\u017cytkownika i danych potrzebnych podczas wizyty na stronie, na przyk\u0142ad podczas monitorowania anonimowych statystyk, g\u0142osowania w ankietach, prze\u0142\u0105czania si\u0119 z wersji mobilnej na komputerow\u0105 i logowania si\u0119 jako zarejestrowany u\u017cytkownik. U\u017cywamy plik\u00f3w cookie zewn\u0119trznych do monitorowania trend\u00f3w i wzorc\u00f3w zachowa\u0144 u\u017cytkownik\u00f3w oraz do kierowania reklam z pomoc\u0105 zewn\u0119trznych dostawc\u00f3w statystyk internetowych. Pliki cookie stron trzecich, s\u0142u\u017c\u0105ce do \u015bledzenia trend\u00f3w i wzorc\u00f3w zachowa\u0144, s\u0105 wykorzystywane wy\u0142\u0105cznie przez nasz\u0105 witryn\u0119 internetow\u0105 oraz dostawc\u0119 statystyk internetowych i nie s\u0105 udost\u0119pniane \u017cadnym innym podmiotom zewn\u0119trznym.<\/p>\n<p><strong>Zgoda na przechowywanie plik\u00f3w cookie<\/strong><\/p>\n<p>Wi\u0119kszo\u015b\u0107 przegl\u0105darek automatycznie akceptuje pliki cookie, chyba \u017ce Twoja przegl\u0105darka ma inne ustawienia. Korzystaj\u0105c z tej witryny, wyra\u017casz zgod\u0119 na przechowywanie plik\u00f3w cookie.<\/p>\n<p><strong>Co zrobi\u0107, je\u015bli nie wyra\u017casz zgody na u\u017cywanie plik\u00f3w cookie?<\/strong><\/p>\n<p>Mo\u017cesz ograniczy\u0107 lub zablokowa\u0107 u\u017cywanie plik\u00f3w cookie w ustawieniach swojej przegl\u0105darki internetowej. Aby uzyska\u0107 informacje na temat konfiguracji konkretnej przegl\u0105darki, odwied\u017a nast\u0119puj\u0105ce adresy:<\/p>\n<ul>\n<li>Internet Explorer: <a href=\"http:\/\/windows.microsoft.com\/\" target=\"_blank\" rel=\"noopener\">windows.microsoft.com<\/a><\/li>\n<li>Google Chrome: <a href=\"http:\/\/support.google.com\/\" target=\"_blank\" rel=\"noopener\">support.google.com<\/a><\/li>\n<li>Mozilla Firefox: <a href=\"http:\/\/support.mozilla.org\/\" target=\"_blank\" rel=\"noopener\">support.mozilla.org<\/a><\/li>\n<li>Opera: <a href=\"http:\/\/help.opera.com\/\" target=\"_blank\" rel=\"noopener\">help.opera.com<\/a><\/li>\n<\/ul>\n","protected":false},"excerpt":{"rendered":"<p>O\u015bwiadczenie dotycz\u0105ce plik\u00f3w cookie i rezygnacja Je\u015bli chcesz uzyska\u0107 wi\u0119cej informacji o tym, jak przetwarzamy Twoje dane osobowe, zapoznaj si\u0119 z nasz\u0105 Polityk\u0105 prywatno\u015bci. Czym s\u0105<span class=\"excerpt-hellip\"> [\u2026]<\/span><\/p>\n","protected":false},"author":2,"featured_media":-1,"parent":0,"menu_order":0,"comment_status":"closed","ping_status":"closed","template":"","meta":{"_acf_changed":false,"footnotes":""},"class_list":["post-1017","page","type-page","status-publish","has-post-thumbnail","hentry"],"acf":[],"_links":{"self":[{"href":"https:\/\/www.pilakinsky.cz\/pl\/wp-json\/wp\/v2\/pages\/1017","targetHints":{"allow":["GET"]}}],"collection":[{"href":"https:\/\/www.pilakinsky.cz\/pl\/wp-json\/wp\/v2\/pages"}],"about":[{"href":"https:\/\/www.pilakinsky.cz\/pl\/wp-json\/wp\/v2\/types\/page"}],"author":[{"embeddable":true,"href":"https:\/\/www.pilakinsky.cz\/pl\/wp-json\/wp\/v2\/users\/2"}],"replies":[{"embeddable":true,"href":"https:\/\/www.pilakinsky.cz\/pl\/wp-json\/wp\/v2\/comments?post=1017"}],"version-history":[{"count":1,"href":"https:\/\/www.pilakinsky.cz\/pl\/wp-json\/wp\/v2\/pages\/1017\/revisions"}],"predecessor-version":[{"id":1018,"href":"https:\/\/www.pilakinsky.cz\/pl\/wp-json\/wp\/v2\/pages\/1017\/revisions\/1018"}],"wp:featuredmedia":[{"embeddable":true,"href":"https:\/\/www.pilakinsky.cz\/pl\/wp-json\/"}],"wp:attachment":[{"href":"https:\/\/www.pilakinsky.cz\/pl\/wp-json\/wp\/v2\/media?parent=1017"}],"curies":[{"name":"wp","href":"https:\/\/api.w.org\/{rel}","templated":true}]}}