{"id":1014,"date":"2024-08-19T15:31:42","date_gmt":"2024-08-19T13:31:42","guid":{"rendered":"https:\/\/www.pilakinsky.cz\/?page_id=1014"},"modified":"2025-10-31T09:11:36","modified_gmt":"2025-10-31T08:11:36","slug":"ochrona-danych-osobowych","status":"publish","type":"page","link":"https:\/\/www.pilakinsky.cz\/pl\/ochrona-danych-osobowych\/","title":{"rendered":"Ochrona danych osobowych"},"content":{"rendered":"<div class=\"social\">Niniejsza polityka prywatno\u015bci ma zastosowanie do <strong>tej strony internetowej (zwanej dalej \u201eSp\u00f3\u0142k\u0105\u201d).<\/strong><\/div>\n<p><strong>Informacje o przetwarzaniu danych osobowych<\/strong><\/p>\n<p><strong>Sp\u00f3\u0142ka<\/strong> zobowi\u0105zuje si\u0119 do ochrony danych osobowych, kt\u00f3re nam Pa\u0144stwo przekazuj\u0105. Wa\u017cne jest, aby wiedzieli Pa\u0144stwo, \u017ce przetwarzamy przekazane nam dane osobowe w spos\u00f3b odpowiedzialny, przejrzysty i zgodnie z Rozporz\u0105dzeniem Parlamentu Europejskiego i Rady (UE) 2016\/679. Maj\u0105 Pa\u0144stwo prawo \u017c\u0105da\u0107 informacji o swoich zarejestrowanych danych osobowych, ich sprostowania lub usuni\u0119cia, je\u017celi zosta\u0142o to udzielone na podstawie Pa\u0144stwa zgody. W przypadku przetwarzania zautomatyzowanego maj\u0105 Pa\u0144stwo prawo do przenoszenia danych i niepodlegania decyzji opartej wy\u0142\u0105cznie na tej decyzji. W przypadku pyta\u0144 i pr\u00f3\u015bb dotycz\u0105cych przetwarzania danych osobowych, mo\u017cesz skontaktowa\u0107 si\u0119 z nami pisemnie w siedzibie firmy.<\/p>\n<p><strong>Bezpiecze\u0144stwo Twoich danych osobowych<\/strong><\/p>\n<p><strong>Sp\u00f3\u0142ka<\/strong> zapewnia bezpiecze\u0144stwo przekazywanych nam przez Ciebie danych osobowych. \u017badna osoba nieupowa\u017cniona nie ma dost\u0119pu do Twoich danych osobowych, kt\u00f3re od Ciebie uzyskali\u015bmy, i nie przekazujemy ich innym podmiotom do dalszego przetwarzania bez Twojej zgody, chyba \u017ce wymaga tego prawo lub ochrona naszych prawnie uzasadnionych interes\u00f3w.<\/p>\n<p><strong>Prawo do informacji<\/strong><\/p>\n<p>Masz prawo za\u017c\u0105da\u0107 od <strong>Sp\u00f3\u0142ki<\/strong> informacji o tym, jakie Twoje dane osobowe, w jakim zakresie i w jakim celu przetwarzamy. Informacji tych udzielimy Ci bezp\u0142atnie w terminie maksymalnie 30 dni, a w wyj\u0105tkowych sytuacjach w terminie maksymalnie 90 dni. O ka\u017cdym przed\u0142u\u017ceniu terminu w wyj\u0105tkowych przypadkach poinformujemy Ci\u0119 z odpowiednim wyprzedzeniem. Je\u015bli za\u017c\u0105dasz ujawnienia informacji, kt\u00f3re zarejestrowali\u015bmy na Tw\u00f3j temat, najpierw b\u0119dziemy musieli zweryfikowa\u0107, czy rzeczywi\u015bcie jeste\u015b osob\u0105, do kt\u00f3rej te informacje nale\u017c\u0105. Dlatego prosimy o podanie w swoim \u017c\u0105daniu wystarczaj\u0105cych danych identyfikacyjnych. W razie potrzeby mamy prawo za\u017c\u0105da\u0107 dodatkowych informacji w celu identyfikacji Twojej osoby przed przekazaniem Ci danych osobowych, kt\u00f3re przetwarzamy. Mamy prawo do uzasadnionego odrzucenia wniosk\u00f3w o informacje, kt\u00f3re s\u0105 bezpodstawne lub nadmiernie powtarzalne, lub kt\u00f3re wymaga\u0142yby niewsp\u00f3\u0142miernie du\u017cego wysi\u0142ku lub by\u0142yby trudne do uzyskania (zazwyczaj z kopii zapasowych, archiw\u00f3w itp.).<\/p>\n<p><strong>Prawo do przenoszenia danych<\/strong><\/p>\n<p>Masz prawo do otrzymania danych osobowych, kt\u00f3re przechowujemy na Tw\u00f3j temat, w ustrukturyzowanym, powszechnie u\u017cywanym formacie nadaj\u0105cym si\u0119 do odczytu maszynowego. Na Pa\u0144stwa \u017c\u0105danie dane te mog\u0105 zosta\u0107 przekazane innemu administratorowi.<\/p>\n<p><strong>Aktualizacja danych, prawo do ich poprawiania<\/strong><\/p>\n<p>Poniewa\u017c dane osobowe mog\u0105 ulega\u0107 zmianom w czasie (np. zmiana nazwiska), prosimy o poinformowanie nas o wszelkich zmianach w Pa\u0144stwa danych, aby\u015bmy mogli je aktualizowa\u0107 i zapobiega\u0107 ewentualnym b\u0142\u0119dom. Podanie informacji o zmianach danych jest niezb\u0119dne do prawid\u0142owego wykonywania przez nas obowi\u0105zk\u00f3w administratora danych. Obejmuje to r\u00f3wnie\u017c prawo do poprawiania danych osobowych, kt\u00f3re o Pa\u0144stwu przechowujemy. Je\u015bli stwierdz\u0105 Pa\u0144stwo, \u017ce nasze dane s\u0105 nieaktualne, maj\u0105 Pa\u0144stwo prawo do \u017c\u0105dania ich poprawienia. Swoje dane mo\u017cna sprawdzi\u0107 lub zmieni\u0107, loguj\u0105c si\u0119 na tej stronie internetowej. W razie jakichkolwiek pyta\u0144 prosimy o kontakt za pomoc\u0105 formularza kontaktowego.<\/p>\n<p><strong>Sprzeciw<\/strong><\/p>\n<p>Je\u015bli uwa\u017casz, \u017ce przetwarzamy Twoje dane osobowe niezgodnie z obowi\u0105zuj\u0105cymi przepisami prawa Republiki Czeskiej i Unii Europejskiej, masz prawo wnie\u015b\u0107 sprzeciw, a my zweryfikujemy zasadno\u015b\u0107 Twojego \u017c\u0105dania. W momencie wniesienia sprzeciwu przetwarzanie Twoich danych osobowych zostanie ograniczone do czasu zweryfikowania zasadno\u015bci sprzeciwu. Informujemy, \u017ce masz r\u00f3wnie\u017c prawo wnie\u015b\u0107 sprzeciw wobec przetwarzania Twoich danych osobowych, kt\u00f3re przetwarzamy, do w\u0142a\u015bciwego organu nadzoruj\u0105cego ochron\u0119 danych osobowych pod adresem: Urz\u0105d Ochrony Danych Osobowych, Pplk. Sochora 27 170 00 Praga 7.<\/p>\n<p><strong>Prawo do ograniczenia przetwarzania<\/strong><\/p>\n<p>Masz prawo do ograniczenia przetwarzania Twoich danych osobowych, je\u015bli uwa\u017casz, \u017ce zebrane w ten spos\u00f3b dane s\u0105 nieprawid\u0142owe lub przetwarzamy je niezgodnie z prawem, a Ty uwa\u017casz, \u017ce nie potrzebujemy ju\u017c tych danych do cel\u00f3w ich przetwarzania.<\/p>\n<p><strong>Prawo do usuni\u0119cia danych<\/strong><\/p>\n<p>Je\u015bli kiedykolwiek wyrazi\u0142e\u015b\/a\u015b zgod\u0119 na przetwarzanie Twoich danych osobowych, masz prawo do jej cofni\u0119cia w dowolnym momencie, a my jeste\u015bmy zobowi\u0105zani do usuni\u0119cia danych, kt\u00f3re przetwarzamy wy\u0142\u0105cznie na podstawie Twojej zgody. Prawo do usuni\u0119cia danych nie ma zastosowania do danych przetwarzanych w ramach zobowi\u0105zania umownego, podstawy prawnej lub uzasadnionego interesu.<\/p>\n<p><strong>Gdzie si\u0119 skontaktowa\u0107<\/strong><\/p>\n<p>W przypadku pyta\u0144 dotycz\u0105cych ochrony danych osobowych<\/p>\n","protected":false},"excerpt":{"rendered":"<p>Niniejsza polityka prywatno\u015bci ma zastosowanie do tej strony internetowej (zwanej dalej \u201eSp\u00f3\u0142k\u0105\u201d). Informacje o przetwarzaniu danych osobowych Sp\u00f3\u0142ka zobowi\u0105zuje si\u0119 do ochrony danych osobowych, kt\u00f3re nam<span class=\"excerpt-hellip\"> [\u2026]<\/span><\/p>\n","protected":false},"author":2,"featured_media":-1,"parent":0,"menu_order":0,"comment_status":"closed","ping_status":"closed","template":"","meta":{"_acf_changed":false,"footnotes":""},"class_list":["post-1014","page","type-page","status-publish","has-post-thumbnail","hentry"],"acf":[],"_links":{"self":[{"href":"https:\/\/www.pilakinsky.cz\/pl\/wp-json\/wp\/v2\/pages\/1014","targetHints":{"allow":["GET"]}}],"collection":[{"href":"https:\/\/www.pilakinsky.cz\/pl\/wp-json\/wp\/v2\/pages"}],"about":[{"href":"https:\/\/www.pilakinsky.cz\/pl\/wp-json\/wp\/v2\/types\/page"}],"author":[{"embeddable":true,"href":"https:\/\/www.pilakinsky.cz\/pl\/wp-json\/wp\/v2\/users\/2"}],"replies":[{"embeddable":true,"href":"https:\/\/www.pilakinsky.cz\/pl\/wp-json\/wp\/v2\/comments?post=1014"}],"version-history":[{"count":1,"href":"https:\/\/www.pilakinsky.cz\/pl\/wp-json\/wp\/v2\/pages\/1014\/revisions"}],"predecessor-version":[{"id":1015,"href":"https:\/\/www.pilakinsky.cz\/pl\/wp-json\/wp\/v2\/pages\/1014\/revisions\/1015"}],"wp:featuredmedia":[{"embeddable":true,"href":"https:\/\/www.pilakinsky.cz\/pl\/wp-json\/"}],"wp:attachment":[{"href":"https:\/\/www.pilakinsky.cz\/pl\/wp-json\/wp\/v2\/media?parent=1014"}],"curies":[{"name":"wp","href":"https:\/\/api.w.org\/{rel}","templated":true}]}}